{"id":5604,"date":"2025-03-18T11:53:08","date_gmt":"2025-03-18T09:53:08","guid":{"rendered":"https:\/\/ropic.ro\/contact\/"},"modified":"2025-06-25T18:36:47","modified_gmt":"2025-06-25T15:36:47","slug":"contact","status":"publish","type":"page","link":"https:\/\/ropic.ro\/en\/contact\/","title":{"rendered":"Contact"},"content":{"rendered":"\n<section class=\"wp-block-group alignfull is-layout-flow wp-block-group-is-layout-flow\" style=\"margin-top:0px;margin-bottom:0px\">\n<div class=\"wp-block-cover has-base-color has-text-color has-link-color wp-elements-a7dad936e39195a50a80f5752752d29a has-aspect-ratio\" style=\"padding-top:3%;padding-bottom:3%;aspect-ratio:auto;min-height:unset;\"><span aria-hidden=\"true\" class=\"wp-block-cover__background has-background-dim-100 has-background-dim has-background-gradient\" style=\"background:linear-gradient(135deg,rgb(7,60,70) 0%,rgb(61,121,127) 100%)\"><\/span><div class=\"wp-block-cover__inner-container has-global-padding is-layout-constrained wp-block-cover-is-layout-constrained\">\n<div class=\"wp-block-columns is-layout-flex wp-container-core-columns-is-layout-28f84493 wp-block-columns-is-layout-flex\">\n<div class=\"wp-block-column is-vertically-aligned-center is-layout-flow wp-block-column-is-layout-flow\" style=\"flex-basis:100%\">\n<div class=\"wp-block-group has-global-padding is-content-justification-left is-layout-constrained wp-container-core-group-is-layout-060fa783 wp-block-group-is-layout-constrained\">\n<h2 class=\"wp-block-heading has-text-align-left has-xx-large-font-size\">Contact ROPIC<\/h2>\n\n\n\n<p class=\"has-text-align-left has-medium-font-size\">Contact us for a\u00a0<strong>free evaluation<\/strong>\u00a0of your situation. With\u00a0<strong>20+ years of experience<\/strong>\u00a0in immigration, we offer\u00a0<strong>personalized solutions<\/strong>\u00a0for any immigration-related challenge.<\/p>\n\n\n\n<div class=\"wp-block-buttons is-layout-flex wp-block-buttons-is-layout-flex\">\n<div class=\"wp-block-button\"><a rel=\"\" target=\"\" class=\"wp-block-button__link wp-element-button\" href=\"#contact\">Contact us now<\/a><\/div>\n<\/div>\n<\/div>\n<\/div>\n\n\n\n<div class=\"wp-block-column is-layout-flow wp-block-column-is-layout-flow\" style=\"flex-basis:100%\"><\/div>\n<\/div>\n<\/div><\/div>\n<\/section>\n\n\n\n<section class=\"wp-block-group alignfull is-style-default has-global-padding is-layout-constrained wp-block-group-is-layout-constrained\" style=\"margin-top:4%;margin-bottom:4%\">\n<h2 class=\"wp-block-heading\">Primary Contact Info<\/h2>\n\n\n\n<div class=\"wp-block-columns is-layout-flex wp-container-core-columns-is-layout-28f84493 wp-block-columns-is-layout-flex\">\n<div class=\"wp-block-column is-layout-flow wp-block-column-is-layout-flow\">\n<div class=\"wp-block-group has-global-padding is-layout-constrained wp-block-group-is-layout-constrained\">\n<h3 class=\"wp-block-heading\">Phone<\/h3>\n\n\n\n<div class=\"wp-block-group is-layout-flex wp-block-group-is-layout-flex\">\n<p><strong><a href=\"tel:40749047795\">+40 749 047 795<\/a><\/strong><\/p>\n\n\n\n<p class=\"has-normal-font-size\">Vasile Bogdan MOLDOVAN<\/p>\n<\/div>\n\n\n\n<div class=\"wp-block-group is-nowrap is-layout-flex wp-container-core-group-is-layout-6c531013 wp-block-group-is-layout-flex\">\n<p><strong><a href=\"tel:40741083543\">+40 741 083 543<\/a><\/strong><\/p>\n\n\n\n<p class=\"has-normal-font-size\">Alexandru VOICU<\/p>\n<\/div>\n\n\n\n<h3 class=\"wp-block-heading\">Email<\/h3>\n\n\n\n<p><a href=\"mailto:office@ropic.ro\">office@ropic.ro<\/a><\/p>\n\n\n\n<h3 class=\"wp-block-heading\">Schedule<\/h3>\n\n\n\n<p>Monday &#8211; Friday: <strong>8:00 &#8211; 16:00<\/strong> <br>Saturday &#8211; Sunday: closed (emergency only)<\/p>\n\n\n\n<h3 class=\"wp-block-heading\">Address<\/h3>\n\n\n\n<p>Street Mir\u0103sl\u0103u 19, Sibiu, 550357, SB, Rom\u00e2nia<\/p>\n<\/div>\n\n\n\n<p class=\"has-normal-font-size\">Consultations at our office are by appointment only.<\/p>\n<\/div>\n\n\n\n<div class=\"wp-block-column is-layout-flow wp-block-column-is-layout-flow\" id=\"contact\">\n<p>Please complete the form below, and we&#8217;ll contact you as soon as possible. For a complete evaluation, please include as many details as possible about your situation. <\/p>\n\n\n<form action=\"https:\/\/ropic.ro\/en\/wp-json\/ws-form\/v1\/submit\" class=\"wsf-form wsf-form-canvas\" id=\"ws-form-1\" data-id=\"1\"  data-instance-id=\"1\"  method=\"POST\" data-wsf-style-id=\"1\"><\/form><\/div>\n<\/div>\n<\/section>\n\n\n\n<section class=\"wp-block-group alignfull has-global-padding is-layout-constrained wp-block-group-is-layout-constrained\" style=\"margin-top:4%;margin-bottom:4%\">\n<div class=\"wp-block-group has-global-padding is-layout-constrained wp-block-group-is-layout-constrained\">\n<iframe src=\"https:\/\/www.google.com\/maps\/embed?pb=!1m18!1m12!1m3!1d7426.799144311666!2d24.153389578239715!3d45.784564871081194!2m3!1f0!2f0!3f0!3m2!1i1024!2i768!4f13.1!3m3!1m2!1s0x474c6715a4a8eb23%3A0x7c9596563faad6e9!2sRO%20PIC%20-%20PRO%20IMMIG%20CONSULT%20SRL%20-%20IMMIGRATION%20OFFICE%20CONSULT!5e1!3m2!1sen!2sro!4v1748251471371!5m2!1sen!2sro\" width=\"100%\" height=\"600\" style=\"border:0;\" allowfullscreen=\"\" loading=\"lazy\" referrerpolicy=\"no-referrer-when-downgrade\"><\/iframe>\n<\/div>\n<\/section>\n\n\n\n<section class=\"wp-block-group alignfull has-global-padding is-layout-constrained wp-block-group-is-layout-constrained\" style=\"margin-top:4%;margin-bottom:4%\">\n<div class=\"wp-block-group has-global-padding is-layout-constrained wp-container-core-group-is-layout-f36bc466 wp-block-group-is-layout-constrained\">\n<h2 class=\"wp-block-heading\">Frequently Asked Questions<\/h2>\n\n\n\n<details class=\"wp-block-details is-layout-flow wp-block-details-is-layout-flow\" open><summary><strong>Is an appointment necessary for an in-office consultation?<\/strong><\/summary>\n<p>Yes, consultations at our office are by appointment only so we can give you our full attention.<\/p>\n\n\n\n<details class=\"wp-block-details is-layout-flow wp-block-details-is-layout-flow\"><summary><strong>How long does it take to receive a response after submitting the form?<\/strong><\/summary>\n<p>We guarantee a response within a maximum of 48 hours, but we usually reply much faster, especially on weekdays.<\/p>\n<\/details>\n<\/details>\n\n\n\n<details class=\"wp-block-details is-layout-flow wp-block-details-is-layout-flow\"><summary><strong>Can I request a consultation on the weekend?<\/strong><\/summary>\n<p>Normally, our schedule is Monday to Friday. However, for urgent situations, we&#8217;re available on weekends through our quick contact channels (phone, WhatsApp).<\/p>\n<\/details>\n\n\n\n<details class=\"wp-block-details is-layout-flow wp-block-details-is-layout-flow\"><summary><strong>Do you offer online consultations for people outside Romania?<\/strong><\/summary>\n<p>Yes, we offer video call consultations for individuals outside Romania who wish to prepare for their arrival in Romania.<\/p>\n<\/details>\n\n\n\n<details class=\"wp-block-details is-layout-flow wp-block-details-is-layout-flow\"><summary><strong>What information should I prepare for the first consultation?<\/strong><\/summary>\n<p>For an efficient consultation, it&#8217;s helpful to have the following ready: your identification documents, any previous permits or visas, details about the purpose and planned duration of your stay in Romania, and any documents specific to your situation.<\/p>\n<\/details>\n<\/div>\n<\/section>\n\n\n\n<div class=\"wp-block-group has-global-padding is-layout-constrained wp-block-group-is-layout-constrained\" style=\"margin-top:4%;margin-bottom:4%\">\n<div class=\"wp-block-cover is-light has-border-color has-green-border-color\" style=\"border-width:1px\"><span aria-hidden=\"true\" class=\"wp-block-cover__background has-light-gray-background-color has-background-dim-80 has-background-dim\"><\/span><div class=\"wp-block-cover__inner-container has-global-padding is-layout-constrained wp-container-core-cover-is-layout-da5d4316 wp-block-cover-is-layout-constrained\">\n<h2 class=\"wp-block-heading has-text-align-center has-contrast-color has-text-color has-link-color has-x-large-font-size wp-elements-f3e44170ed4ac717dfb36c157c432a93\" style=\"letter-spacing:2px;text-transform:uppercase\">Questions about immigrations?<\/h2>\n\n\n\n<p class=\"has-text-align-center\">Schedule a free consultation<\/p>\n\n\n\n<div class=\"wp-block-group is-content-justification-center is-layout-flex wp-container-core-group-is-layout-4a76de1d wp-block-group-is-layout-flex\">\n<div class=\"wp-block-group is-nowrap is-layout-flex wp-container-core-group-is-layout-6c531013 wp-block-group-is-layout-flex\">\n<figure class=\"wp-block-image size-full is-resized\"><img alt=\"\" loading=\"lazy\" decoding=\"async\" width=\"512\" height=\"512\" src=\"https:\/\/ropic.ro\/wp-content\/uploads\/2025\/04\/icon-whatsapp.png\" alt=\"\" class=\"wp-image-383\" style=\"width:32px\" srcset=\"https:\/\/ropic.ro\/wp-content\/uploads\/2025\/04\/icon-whatsapp.png 512w, https:\/\/ropic.ro\/wp-content\/uploads\/2025\/04\/icon-whatsapp-300x300.png 300w, https:\/\/ropic.ro\/wp-content\/uploads\/2025\/04\/icon-whatsapp-150x150.png 150w\" sizes=\"auto, (max-width: 512px) 100vw, 512px\" \/><\/figure>\n\n\n\n<p><a href=\"https:\/\/api.whatsapp.com\/send\/?phone=40741083543&amp;text&amp;type=phone_number&amp;app_absent=0\" target=\"_blank\" rel=\"noreferrer noopener\">Chat WhatsApp<\/a><\/p>\n<\/div>\n\n\n\n<div class=\"wp-block-group is-nowrap is-layout-flex wp-container-core-group-is-layout-6c531013 wp-block-group-is-layout-flex\">\n<figure class=\"wp-block-image size-full is-resized\"><img alt=\"\" loading=\"lazy\" decoding=\"async\" width=\"512\" height=\"512\" src=\"https:\/\/ropic.ro\/wp-content\/uploads\/2025\/04\/icon-iphone.png\" alt=\"\" class=\"wp-image-389\" style=\"width:32px\" srcset=\"https:\/\/ropic.ro\/wp-content\/uploads\/2025\/04\/icon-iphone.png 512w, https:\/\/ropic.ro\/wp-content\/uploads\/2025\/04\/icon-iphone-300x300.png 300w, https:\/\/ropic.ro\/wp-content\/uploads\/2025\/04\/icon-iphone-150x150.png 150w\" sizes=\"auto, (max-width: 512px) 100vw, 512px\" \/><\/figure>\n\n\n\n<p><a href=\"tel:40741083543\">+40 741 083 543<\/a><\/p>\n<\/div>\n\n\n\n<div class=\"wp-block-group is-nowrap is-layout-flex wp-container-core-group-is-layout-6c531013 wp-block-group-is-layout-flex\">\n<figure class=\"wp-block-image size-full is-resized\"><img alt=\"\" loading=\"lazy\" decoding=\"async\" width=\"512\" height=\"512\" src=\"https:\/\/ropic.ro\/wp-content\/uploads\/2025\/04\/icon-email.png\" alt=\"\" class=\"wp-image-386\" style=\"width:32px\" srcset=\"https:\/\/ropic.ro\/wp-content\/uploads\/2025\/04\/icon-email.png 512w, https:\/\/ropic.ro\/wp-content\/uploads\/2025\/04\/icon-email-300x300.png 300w, https:\/\/ropic.ro\/wp-content\/uploads\/2025\/04\/icon-email-150x150.png 150w\" sizes=\"auto, (max-width: 512px) 100vw, 512px\" \/><\/figure>\n\n\n\n<p><a href=\"mailto:office@ropic.ro\">office@ropic.ro<\/a><\/p>\n<\/div>\n<\/div>\n\n\n\n<div class=\"wp-block-buttons is-content-justification-center is-layout-flex wp-container-core-buttons-is-layout-a89b3969 wp-block-buttons-is-layout-flex\">\n<div class=\"wp-block-button is-style-fill\"><a rel=\"\" target=\"\" class=\"wp-block-button__link has-base-color has-blue-background-color has-text-color has-background has-link-color has-text-align-center wp-element-button\" href=\"#contact\">Contact us now \u2192<\/a><\/div>\n<\/div>\n<\/div><\/div>\n<\/div>\n","protected":false},"excerpt":{"rendered":"<p>Primary Contact Info Phone +40 749 047 795 Vasile Bogdan MOLDOVAN +40 741 083 543 Alexandru VOICU Email office@ropic.ro Schedule Monday &#8211; Friday: 8:00 &#8211; 16:00 Saturday &#8211; Sunday: closed (emergency only) Address Street Mir\u0103sl\u0103u 19, Sibiu, 550357, SB, Rom\u00e2nia Consultations at our office are by appointment only. Please complete the form below, and we&#8217;ll [&hellip;]<\/p>\n","protected":false},"author":1,"featured_media":0,"parent":0,"menu_order":0,"comment_status":"closed","ping_status":"closed","template":"page-no-title","meta":{"_acf_changed":false,"_seopress_robots_primary_cat":"","_seopress_titles_title":"","_seopress_titles_desc":"","_seopress_robots_index":"","footnotes":""},"class_list":["post-5604","page","type-page","status-publish"],"acf":[],"_links":{"self":[{"href":"https:\/\/ropic.ro\/en\/wp-json\/wp\/v2\/pages\/5604","targetHints":{"allow":["GET"]}}],"collection":[{"href":"https:\/\/ropic.ro\/en\/wp-json\/wp\/v2\/pages"}],"about":[{"href":"https:\/\/ropic.ro\/en\/wp-json\/wp\/v2\/types\/page"}],"author":[{"embeddable":true,"href":"https:\/\/ropic.ro\/en\/wp-json\/wp\/v2\/users\/1"}],"replies":[{"embeddable":true,"href":"https:\/\/ropic.ro\/en\/wp-json\/wp\/v2\/comments?post=5604"}],"version-history":[{"count":5,"href":"https:\/\/ropic.ro\/en\/wp-json\/wp\/v2\/pages\/5604\/revisions"}],"predecessor-version":[{"id":5667,"href":"https:\/\/ropic.ro\/en\/wp-json\/wp\/v2\/pages\/5604\/revisions\/5667"}],"wp:attachment":[{"href":"https:\/\/ropic.ro\/en\/wp-json\/wp\/v2\/media?parent=5604"}],"curies":[{"name":"wp","href":"https:\/\/api.w.org\/{rel}","templated":true}]}}